{"id":2,"date":"2022-11-24T04:59:32","date_gmt":"2022-11-24T04:59:32","guid":{"rendered":"https:\/\/uudenmaansijaisperheet.fi\/?page_id=2"},"modified":"2025-11-02T19:27:24","modified_gmt":"2025-11-02T17:27:24","slug":"sample-page","status":"publish","type":"page","link":"https:\/\/uudenmaansijaisperheet.fi\/","title":{"rendered":"Uudenmaan perhehoitajat ry"},"content":{"rendered":"\n<p><strong>Tukea ja toimintaa perhehoitajille<\/strong><\/p>\n\n\n\n<p>Yhdistyksen tarkoitus ja toiminta<\/p>\n\n\n\n<p>Yhdistyksen tarkoituksena on toimia toimeksiantosuhteisten perhehoitajien taloudellisten, sosiaalisten ja yhteiskunnallisten asioiden etuj\u00e4rjest\u00f6n\u00e4.<\/p>\n\n\n\n<p>Tarkoituksensa toteuttamiseksi yhdistys<\/p>\n\n\n\n<ul class=\"wp-block-list\">\n<li>J\u00e4rjest\u00e4\u00e4 koulutus-, virkistys- ja vertaistoimintaa j\u00e4senist\u00f6lle<\/li>\n\n\n\n<li>Kehitt\u00e4\u00e4 ja yll\u00e4pit\u00e4\u00e4 perhehoitajien, perhehoidossa olevien henkil\u00f6iden, viranomaisten ja alan yhteis\u00f6jen v\u00e4list\u00e4 yhteisty\u00f6t\u00e4<\/li>\n\n\n\n<li>Edist\u00e4\u00e4 laadukkaan perhehoidon toteutumista alueellisena vaikuttajana korostaen oikeusperustaisuutta sek\u00e4 perhehoidon tuen toteutumista<\/li>\n\n\n\n<li>Vaikuttaa yleiseen mielipiteeseen perhehoidon tunnettuuden ja perhehoitomy\u00f6nteisyyden lis\u00e4\u00e4miseksi<\/li>\n<\/ul>\n\n\n\n<p>Toimintamuotojamme mm.<\/p>\n\n\n\n<ul class=\"wp-block-list\">\n<li>Internet-sivut ja suljettu Facebook-ryhm\u00e4<\/li>\n\n\n\n<li>tapahtumien j\u00e4rjest\u00e4minen<\/li>\n\n\n\n<li>vertaistukiryhm\u00e4t<\/li>\n\n\n\n<li>yhteisty\u00f6 Perhehoitoliiton kanssa<\/li>\n<\/ul>\n\n\n\n<p>Yhdistyksen internet-sivuilta l\u00f6ytyy tietoa vertaistukiryhmist\u00e4 ja perheiden yhteisist\u00e4 tapahtumista.<\/p>\n\n\n\n<p>Viime vuosina yhdistyksen toiminnan painopisteen\u00e4 on ollut koko perheen virkistystapahtumien tukeminen ja j\u00e4rjest\u00e4minen.<\/p>\n\n\n\n<p>Esimerkkej\u00e4 tapahtumista:<\/p>\n\n\n\n<p>Vuosittainen autotapahtuma J\u00e4rvenp\u00e4\u00e4ss\u00e4; ohjelmassa rentoa yhdess\u00e4oloa, komeita kyytej\u00e4 ja makkaranpaistoa j\u00e4senist\u00f6lle<\/p>\n\n\n\n<p>Retki\u00e4 teatteriin, kiipeilem\u00e4\u00e4n, huvipuistoihin<\/p>\n\n\n\n<p>Aktiivisesti toimivat vertaistukiryhm\u00e4t; ryhmiss\u00e4 perhehoitajat tapaavat kollegoja ja keskustelevat kokemuksistaan ja kiinnostavista aiheista.<\/p>\n\n\n\n<p>Teemalliset brunssit ymp\u00e4ri Uuttamaata, joissa tavataan kulloisenkin teeman ymp\u00e4rill\u00e4 keskustellen<\/p>\n\n\n\n<p>Koulutukset t\u00e4rkeist\u00e4 aiheista, kuten perhehoitajan hyvinvoinnista ja perhehoitajuuden her\u00e4tt\u00e4mist\u00e4 tunteista<\/p>\n\n\n\n<p>Erilaiset nuorten tapahtumat kuten leirit ja aktiviteetti-p\u00e4iv\u00e4t<\/p>\n\n\n\n<p>Taaperotreffit pienten lasten sijaisperhein\u00e4 toimiville<\/p>\n\n\n\n<p><\/p>\n\n\n\n<p><\/p>\n\n\n\n<p><\/p>\n\n\n\n<p><\/p>\n\n\n\n<p><\/p>\n\n\n\n<p><\/p>\n\n\n\n<p><\/p>\n","protected":false},"excerpt":{"rendered":"<p>Tukea ja toimintaa perhehoitajille Yhdistyksen tarkoitus ja toiminta Yhdistyksen tarkoituksena on toimia toimeksiantosuhteisten perhehoitajien taloudellisten, sosiaalisten ja yhteiskunnallisten asioiden etuj\u00e4rjest\u00f6n\u00e4. Tarkoituksensa toteuttamiseksi yhdistys Toimintamuotojamme mm.<\/p>\n","protected":false},"author":1,"featured_media":0,"parent":0,"menu_order":0,"comment_status":"closed","ping_status":"open","template":"","meta":{"footnotes":""},"class_list":["post-2","page","type-page","status-publish","hentry"],"_links":{"self":[{"href":"https:\/\/uudenmaansijaisperheet.fi\/index.php?rest_route=\/wp\/v2\/pages\/2","targetHints":{"allow":["GET"]}}],"collection":[{"href":"https:\/\/uudenmaansijaisperheet.fi\/index.php?rest_route=\/wp\/v2\/pages"}],"about":[{"href":"https:\/\/uudenmaansijaisperheet.fi\/index.php?rest_route=\/wp\/v2\/types\/page"}],"author":[{"embeddable":true,"href":"https:\/\/uudenmaansijaisperheet.fi\/index.php?rest_route=\/wp\/v2\/users\/1"}],"replies":[{"embeddable":true,"href":"https:\/\/uudenmaansijaisperheet.fi\/index.php?rest_route=%2Fwp%2Fv2%2Fcomments&post=2"}],"version-history":[{"count":15,"href":"https:\/\/uudenmaansijaisperheet.fi\/index.php?rest_route=\/wp\/v2\/pages\/2\/revisions"}],"predecessor-version":[{"id":188,"href":"https:\/\/uudenmaansijaisperheet.fi\/index.php?rest_route=\/wp\/v2\/pages\/2\/revisions\/188"}],"wp:attachment":[{"href":"https:\/\/uudenmaansijaisperheet.fi\/index.php?rest_route=%2Fwp%2Fv2%2Fmedia&parent=2"}],"curies":[{"name":"wp","href":"https:\/\/api.w.org\/{rel}","templated":true}]}}